{"id":1338,"date":"2023-07-20T13:25:54","date_gmt":"2023-07-20T11:25:54","guid":{"rendered":"https:\/\/oeguren.es\/?page_id=1338"},"modified":"2023-07-20T16:06:41","modified_gmt":"2023-07-20T14:06:41","slug":"clause-de-lemail","status":"publish","type":"page","link":"https:\/\/oeguren.es\/fr\/clause-de-lemail\/","title":{"rendered":"Clause de l&#8217;email"},"content":{"rendered":"<p><b>Avis de confidentialit\u00e9<\/b><span style=\"font-weight: 400;\"> : Ce courrier \u00e9lectronique et, le cas \u00e9ch\u00e9ant, tout fichier qui y est joint, contient des informations confidentielles destin\u00e9es exclusivement au(x) destinataire(s). Il ne peut \u00eatre divulgu\u00e9, copi\u00e9 ou distribu\u00e9 \u00e0 des tiers sans l&rsquo;autorisation pr\u00e9alable, expresse et \u00e9crite de son auteur. Si vous avez re\u00e7u cet e-mail par erreur, veuillez nous en informer imm\u00e9diatement en le transf\u00e9rant \u00e0 l&rsquo;adresse e-mail de l&rsquo;exp\u00e9diteur.<\/span><\/p>\n<p><b>Politique de protection des donn\u00e9es personnelles<\/b><\/p>\n<p><span style=\"font-weight: 400;\">Responsable : O. EGUREN ASESORES S.L &#8211; NIF\/CIF : B92325737 &#8211; T\u00e9l\u00e9phone de contact : 952866727<\/span><\/p>\n<p><span style=\"font-weight: 400;\">E-mail : info@oeguren.es &#8211; Adresse postale : Av. Ricardo Soriano, 72(Edf. Golden) Portal C 2\u00baE, MARBELLA, 29601, M\u00e1laga.<\/span><\/p>\n<p><span style=\"font-weight: 400;\">Conform\u00e9ment \u00e0 la l\u00e9gislation en vigueur en mati\u00e8re de protection des donn\u00e9es, nous vous informons que les donn\u00e9es personnelles que vous nous fournissez seront incluses dans notre registre interne des activit\u00e9s de traitement et seront trait\u00e9es dans le but d&rsquo;assurer le respect ad\u00e9quat des obligations l\u00e9gales et\/ou contractuelles acquises, la gestion du conseil et de la d\u00e9fense juridique correcte, ainsi que la gestion fiscale et comptable ad\u00e9quate du cabinet. En outre, les donn\u00e9es fournies, ainsi que les adresses \u00e9lectroniques, pourront \u00eatre utilis\u00e9es pour l&rsquo;envoi de communications professionnelles de la part du cabinet.<\/span><\/p>\n<p><span style=\"font-weight: 400;\">Les donn\u00e9es fournies seront conserv\u00e9es pendant la dur\u00e9e de la relation contractuelle et\/ou pendant les ann\u00e9es n\u00e9cessaires au respect des obligations l\u00e9gales. Le transfert international de donn\u00e9es vers des pays tiers n&rsquo;est pas envisag\u00e9, pas plus que l&rsquo;existence de d\u00e9cisions automatis\u00e9es ou de profilage, ni le transfert de vos donn\u00e9es \u00e0 des tiers au-del\u00e0 des transferts requis par la l\u00e9gislation en vigueur ou de ceux qui sont n\u00e9cessaires \u00e0 la bonne ex\u00e9cution de la t\u00e2che confi\u00e9e (comme c&rsquo;est le cas des avocats, des experts et des autres professionnels qui doivent participer \u00e0 la proc\u00e9dure).<\/span><\/p>\n<p><span style=\"font-weight: 400;\">Si vous souhaitez obtenir de plus amples informations sur le traitement des donn\u00e9es \u00e0 caract\u00e8re personnel, vous pouvez nous en faire la demande en nous \u00e9crivant \u00e0 l&rsquo;adresse suivante : info@oeguren.es. Vous avez le droit d&rsquo;acc\u00e9der \u00e0 vos donn\u00e9es personnelles, de rectifier les donn\u00e9es inexactes, de demander leur suppression, de limiter le traitement ou de vous opposer \u00e0 toute utilisation (par exemple, vous opposer \u00e0 l&rsquo;envoi de publicit\u00e9 \u00e0 une date ult\u00e9rieure), par e-mail, en personne ou par courrier (voir les d\u00e9tails au d\u00e9but de la pr\u00e9sente politique). De m\u00eame, si vous estimez que vos droits ne sont pas correctement respect\u00e9s, vous avez le droit d&rsquo;introduire une plainte aupr\u00e8s de l&rsquo;Agence espagnole de protection des donn\u00e9es, dont les coordonn\u00e9es figurent sur le site web <a href=\"http:\/\/www.aepd.es\" target=\"_blank\" rel=\"noopener\">www.aepd.es<\/a><\/span><\/p>\n","protected":false},"excerpt":{"rendered":"<p>Avis de confidentialit\u00e9 : Ce courrier \u00e9lectronique et, le cas \u00e9ch\u00e9ant, tout fichier qui y est joint, contient des informations confidentielles destin\u00e9es exclusivement au(x) destinataire(s). Il ne peut \u00eatre divulgu\u00e9, copi\u00e9 ou distribu\u00e9 \u00e0 des tiers sans l&rsquo;autorisation pr\u00e9alable, expresse et \u00e9crite de son auteur&#8230;.<\/p>\n","protected":false},"author":1,"featured_media":0,"parent":0,"menu_order":0,"comment_status":"closed","ping_status":"closed","template":"","meta":{"footnotes":""},"class_list":["post-1338","page","type-page","status-publish","hentry"],"_links":{"self":[{"href":"https:\/\/oeguren.es\/fr\/wp-json\/wp\/v2\/pages\/1338","targetHints":{"allow":["GET"]}}],"collection":[{"href":"https:\/\/oeguren.es\/fr\/wp-json\/wp\/v2\/pages"}],"about":[{"href":"https:\/\/oeguren.es\/fr\/wp-json\/wp\/v2\/types\/page"}],"author":[{"embeddable":true,"href":"https:\/\/oeguren.es\/fr\/wp-json\/wp\/v2\/users\/1"}],"replies":[{"embeddable":true,"href":"https:\/\/oeguren.es\/fr\/wp-json\/wp\/v2\/comments?post=1338"}],"version-history":[{"count":1,"href":"https:\/\/oeguren.es\/fr\/wp-json\/wp\/v2\/pages\/1338\/revisions"}],"predecessor-version":[{"id":1339,"href":"https:\/\/oeguren.es\/fr\/wp-json\/wp\/v2\/pages\/1338\/revisions\/1339"}],"wp:attachment":[{"href":"https:\/\/oeguren.es\/fr\/wp-json\/wp\/v2\/media?parent=1338"}],"curies":[{"name":"wp","href":"https:\/\/api.w.org\/{rel}","templated":true}]}}